{"id":8,"date":"2023-10-11T16:56:59","date_gmt":"2023-10-11T14:56:59","guid":{"rendered":"http:\/\/lfrinformatique.fr\/index.php\/one-page-express\/"},"modified":"2024-11-21T20:22:46","modified_gmt":"2024-11-21T19:22:46","slug":"one-page-express","status":"publish","type":"page","link":"https:\/\/lfrinformatique.fr\/","title":{"rendered":"Acceuil"},"content":{"rendered":"<div id=\"a-propos\" class=\"about-big-images-section\" style=\"background-color: #ffffff;\" data-label=\"A propos\" data-id=\"about-big-images-section\" data-category=\"about\">\n<div class=\"gridContainer\">\n<div class=\"about-big-images-textrow\">\n<div class=\"about-big-images-textcol dynamic-color\" data-type=\"column\">\n<p class=\"\">Bienvenue chez LFR Informatique, votre partenaire de confiance pour tous vos besoins en informatique.<\/p>\n\nQue vous soyez un particulier cherchant \u00e0 optimiser, r\u00e9parer ou obtenir des conseils sur vos \u00e9quipements, ou une entreprise souhaitant mettre en place des solutions informatiques performantes, je suis l\u00e0 pour vous accompagner \u00e0 toutes les \u00e9tapes.\n\n<\/div>\n<\/div>\n<\/div>\n<div class=\"about-big-images-bottomrow\">\n<div class=\"about-big-images-leftimgcol\"><img decoding=\"async\" class=\"about-big-images-leftimg\" src=\"http:\/\/lfrinformatique.fr\/wp-content\/uploads\/2024\/02\/0_3.webp\" alt=\"\" \/><\/div>\n<div class=\"about-big-images-centerimgcol\"><img decoding=\"async\" class=\"about-big-images-centerimg\" src=\"http:\/\/lfrinformatique.fr\/wp-content\/uploads\/2024\/02\/0_2-2.webp\" alt=\"\" \/><\/div>\n<div class=\"about-big-images-rightimgcol\"><img decoding=\"async\" class=\"about-big-images-rightimg\" src=\"http:\/\/lfrinformatique.fr\/wp-content\/uploads\/2024\/02\/0_1-2.webp\" alt=\"\" \/><\/div>\n<\/div>\n<\/div>\n<div id=\"services\" class=\"features-coloured-icon-boxes-section stripped-coloured-icon-boxes\" style=\"background-color: #ffffff;\" data-label=\"Services\" data-id=\"stripped-coloured-icon-boxes\" data-category=\"overlapable\" data-overlap=\"true\">\n<div class=\"gridContainer\">\n<div class=\"features-coloured-icon-boxes-innerrow flexbox-list dark-text\" data-type=\"row\">\n<div class=\"features-coloured-icon-boxes-featurecol cp3cols\">\n<div class=\"features-coloured-icon-boxes-iconcontainer\" data-content-item-container=\"true\"><\/div>\n<h4 class=\"\">Conseil<\/h4>\n<p class=\"\">Que vous cherchiez \u00e0 choisir le bon \u00e9quipement, s\u00e9curiser vos donn\u00e9es ou optimiser vos syst\u00e8mes, mon engagement est de vous aider \u00e0 prendre des d\u00e9cisions \u00e9clair\u00e9es en mati\u00e8re de technologie, en r\u00e9pondant \u00e0 vos besoins sp\u00e9cifiques.<\/p>\n\n<\/div>\n<div class=\"features-coloured-icon-boxes-featurecol cp3cols\">\n<div class=\"features-coloured-icon-boxes-iconcontainer\" data-content-item-container=\"true\"><\/div>\n<h4 class=\"\">Installation<\/h4>\n<p class=\"\">Pr\u00e9sent de l\u2019installation \u00e0 la configuration de tous les \u00e9quipements informatiques et r\u00e9seaux, garantissant ainsi un fonctionnement fluide et efficace de vos syst\u00e8mes. Que ce soit pour mettre en place un nouvel ordinateur ou configurer un r\u00e9seau Wi-Fi, je veille \u00e0 ce que tout soit pr\u00eat \u00e0 l\u2019emploi.<\/p>\n\n<\/div>\n<div class=\"features-coloured-icon-boxes-featurecol cp3cols\">\n<div class=\"features-coloured-icon-boxes-iconcontainer\" data-content-item-container=\"true\"><\/div>\n<h4 class=\"\">Maintenance<\/h4>\n<p class=\"\">J\u2019interviens rapidement en cas de probl\u00e8mes techniques et m\u2019engage \u00e0 maintenir vos syst\u00e8mes en parfait \u00e9tat de fonctionnement, vous offrant ainsi tranquillit\u00e9 d\u2019esprit et efficacit\u00e9 au quotidien.<\/p>\n\n<\/div>\n<div class=\"features-coloured-icon-boxes-featurecol cp3cols\">\n<div class=\"features-coloured-icon-boxes-iconcontainer\" data-content-item-container=\"true\"><\/div>\n<h4 class=\"\">Formation<\/h4>\n<p class=\"\">La connaissance est la cl\u00e9 du succ\u00e9s. C\u2019est pourquoi je propose des services de formation en informatique pour aider les particuliers et les entreprises \u00e0 acqu\u00e9rir les comp\u00e9tences n\u00e9cessaires pour tirer pleinement parti de leur \u00e9quipement et de leurs logiciels.<\/p>\n\n<\/div>\n<\/div>\n<\/div>\n<\/div>\n<div id=\"contact\" class=\"team-colors-section\" style=\"background-color: #f6f6f6;\" data-label=\"Contact\" data-id=\"team-colors-section\" data-category=\"team\">\n<div class=\"gridContainer\">\n<div class=\"team-colors-textcol dynamic-color\">\n<h2><\/h2>\n<p class=\"\"><\/p>\n\n<\/div>\n<div class=\"team-colors-membersrow dark-text\" data-type=\"row\">\n<div class=\"team-colors-membercol cp6cols-tablet cp12cols\">\n<div class=\"team-colors-membercard\">\n<div class=\"team-colors-background\"><\/div>\n<div class=\"team-colors-memberinfo\" data-type=\"column\"><img decoding=\"async\" class=\"team-colors-memberimg\" src=\"http:\/\/lfrinformatique.fr\/wp-content\/uploads\/2023\/10\/cropped-Erwann_face_short_brown_hair_blue_eyes_short_blond_beard_dresse_e1cbf7f7-cf5a-4632-a2d7-6bacd100ef8f.png\" alt=\"\" data-size=\"500x500\" \/>\n<h4 class=\"team-colors-membername\">Erwann Le Fur<\/h4>\n<p class=\"\"><span style=\"color: #0d0d0d; font-family: S\u00f6hne, ui-sans-serif, system-ui, -apple-system, 'Segoe UI', Roboto, Ubuntu, Cantarell, 'Noto Sans', sans-serif, 'Helvetica Neue', Arial, 'Apple Color Emoji', 'Segoe UI Emoji', 'Segoe UI Symbol', 'Noto Color Emoji'; font-size: 16px; text-align: start; white-space: pre-wrap;\">\nPassionn\u00e9 par l\u2019informatique depuis plus d\u2019une d\u00e9cennie. Au cours des ann\u00e9es, j\u2019ai acquis une solide exp\u00e9rience en travaillant sur diverses missions.\n<span style=\"font-family: S\u00f6hne, ui-sans-serif, system-ui, -apple-system, 'Segoe UI', Roboto, Ubuntu, Cantarell, 'Noto Sans', sans-serif, 'Helvetica Neue', Arial, 'Apple Color Emoji', 'Segoe UI Emoji', 'Segoe UI Symbol', 'Noto Color Emoji'; font-size: 16px;\">Si vous recherchez un professionnel fiable et exp\u00e9riment\u00e9 pour vous accompagner dans vos projets informatiques, n\u2019h\u00e9sitez pas \u00e0 me contacter.\nJe suis l\u00e0 pour vous aider \u00e0 trouver des solutions adapt\u00e9es \u00e0 vos besoins et \u00e0 vous offrir un service de qualit\u00e9.<\/span>\n<\/span><\/p>\n\n\n<hr class=\"team-colors-separator\" \/>\n\n<div class=\"spacer\" data-type=\"group\"><\/div>\n<p class=\"\"><div class=\"wp-gr rpi wpac\" data-id=\"152\" data-layout=\"rating\" data-exec=\"false\" data-options='{&quot;text_size&quot;:&quot;&quot;,&quot;trans&quot;:{&quot;read more&quot;:&quot;read more&quot;}}'><svg xmlns=\"http:\/\/www.w3.org\/2000\/svg\" style=\"display:none!important\"><symbol id=\"grw-tripadvisor\" viewBox=\"0 0 713.496 713.496\"><g><circle fill=\"#34E0A1\" cx=\"356.749\" cy=\"356.748\" r=\"356.748\"\/><path d=\"M577.095,287.152l43.049-46.836h-95.465c-47.792-32.646-105.51-51.659-167.931-51.659   c-62.342,0-119.899,19.054-167.612,51.659H93.432l43.049,46.836c-26.387,24.075-42.929,58.754-42.929,97.259   c0,72.665,58.914,131.578,131.579,131.578c34.519,0,65.968-13.313,89.446-35.077l42.172,45.919l42.172-45.879   c23.478,21.764,54.887,35.037,89.406,35.037c72.665,0,131.658-58.913,131.658-131.578   C620.024,345.866,603.483,311.188,577.095,287.152z M225.17,473.458c-49.188,0-89.047-39.859-89.047-89.047   s39.86-89.048,89.047-89.048c49.187,0,89.047,39.86,89.047,89.048S274.357,473.458,225.17,473.458z M356.788,381.82   c0-58.595-42.61-108.898-98.853-130.383c30.413-12.716,63.776-19.771,98.813-19.771s68.439,7.055,98.853,19.771   C399.399,272.962,356.788,323.226,356.788,381.82z M488.367,473.458c-49.188,0-89.048-39.859-89.048-89.047   s39.86-89.048,89.048-89.048s89.047,39.86,89.047,89.048S537.554,473.458,488.367,473.458z M488.367,337.694   c-25.79,0-46.677,20.887-46.677,46.677c0,25.789,20.887,46.676,46.677,46.676c25.789,0,46.676-20.887,46.676-46.676   C535.042,358.621,514.156,337.694,488.367,337.694z M271.846,384.411c0,25.789-20.887,46.676-46.676,46.676   s-46.676-20.887-46.676-46.676c0-25.79,20.887-46.677,46.676-46.677C250.959,337.694,271.846,358.621,271.846,384.411z\"\/><\/g><\/symbol><symbol id=\"grw-google\" viewBox=\"0 0 512 512\"><g fill=\"none\" fill-rule=\"evenodd\"><path d=\"M482.56 261.36c0-16.73-1.5-32.83-4.29-48.27H256v91.29h127.01c-5.47 29.5-22.1 54.49-47.09 71.23v59.21h76.27c44.63-41.09 70.37-101.59 70.37-173.46z\" fill=\"#4285f4\"\/><path d=\"M256 492c63.72 0 117.14-21.13 156.19-57.18l-76.27-59.21c-21.13 14.16-48.17 22.53-79.92 22.53-61.47 0-113.49-41.51-132.05-97.3H45.1v61.15c38.83 77.13 118.64 130.01 210.9 130.01z\" fill=\"#34a853\"\/><path d=\"M123.95 300.84c-4.72-14.16-7.4-29.29-7.4-44.84s2.68-30.68 7.4-44.84V150.01H45.1C29.12 181.87 20 217.92 20 256c0 38.08 9.12 74.13 25.1 105.99l78.85-61.15z\" fill=\"#fbbc05\"\/><path d=\"M256 113.86c34.65 0 65.76 11.91 90.22 35.29l67.69-67.69C373.03 43.39 319.61 20 256 20c-92.25 0-172.07 52.89-210.9 130.01l78.85 61.15c18.56-55.78 70.59-97.3 132.05-97.3z\" fill=\"#ea4335\"\/><path d=\"M20 20h472v472H20V20z\"\/><\/g><\/symbol><\/svg><div class=\"wp-google-list\"><div class=\"grw-header\"><div class=\"grw-header-inner rpi-flx rpi-row12\"style=\"--dir:column;--align:center;--star-align-self:center\"><div class=\"grw-img-wrap\"><img loading=\"lazy\" decoding=\"async\" class=\"grw-img\" src=\"https:\/\/lh3.googleusercontent.com\/places\/ANXAkqGR0E-yoyhzLcA7P6Zlu6cJ6BUxidYJIyHPk_xsQb50jSWKDn8qQXkMTtwkzr-KyxDNOWdBwHzcFigs5PPq3hYlC8t9XUglcKM=s1600-w300-h300\" loading=\"lazy\" alt=\"LFR Informatique place picture\" width=\"50\" height=\"50\" onerror=\"if(this.src!='data:image\/gif;base64,R0lGODlhAQABAIAAAAAAAP\/\/\/yH5BAEAAAAALAAAAAABAAEAAAIBRAA7')this.src='data:image\/gif;base64,R0lGODlhAQABAIAAAAAAAP\/\/\/yH5BAEAAAAALAAAAAABAAEAAAIBRAA7';\" ><\/div><div class=\"rpi-flx rpi-col8\"style=\"--dir:column;--align:center;--star-align-self:center\"><div class=\"wp-google-name\"><a href=\"https:\/\/maps.google.com\/?cid=13265518926273702656\" target=\"_blank\" rel=\"nofollow noopener\">LFR Informatique<\/a><\/div><span class=\"rpi-stars\" style=\"--rating:5.0\">5.0<\/span><div class=\"wp-google-based\">Based on 3 reviews<\/div><div class=\"wp-google-powered\">powered by <span><span style=\"color:#3c6df0!important\">G<\/span><span style=\"color:#d93025!important\">o<\/span><span style=\"color:#fb8e28!important\">o<\/span><span style=\"color:#3c6df0!important\">g<\/span><span style=\"color:#188038!important\">l<\/span><span style=\"color:#d93025!important\">e<\/span><\/span><\/div><\/div><\/div><\/div><\/div><\/div><\/p>\n\n\n<\/div>\n<\/div>\n<\/div>\n<\/div>\n<\/div>\n<\/div>","protected":false},"excerpt":{"rendered":"<p>Bienvenue chez LFR Informatique, votre partenaire de confiance pour tous vos besoins en informatique. Que vous soyez un particulier cherchant \u00e0 optimiser, r\u00e9parer ou obtenir des conseils sur vos \u00e9quipements, ou une entreprise souhaitant mettre en place des solutions informatiques performantes, je suis l\u00e0 pour vous accompagner \u00e0 toutes les \u00e9tapes. Conseil Que vous cherchiez&hellip; <br \/> <a class=\"button small blue\" href=\"https:\/\/lfrinformatique.fr\/\">Read more<\/a><\/p>\n","protected":false},"author":1,"featured_media":0,"parent":0,"menu_order":0,"comment_status":"closed","ping_status":"closed","template":"","meta":{"footnotes":""},"class_list":["post-8","page","type-page","status-publish","hentry"],"_links":{"self":[{"href":"https:\/\/lfrinformatique.fr\/index.php\/wp-json\/wp\/v2\/pages\/8","targetHints":{"allow":["GET"]}}],"collection":[{"href":"https:\/\/lfrinformatique.fr\/index.php\/wp-json\/wp\/v2\/pages"}],"about":[{"href":"https:\/\/lfrinformatique.fr\/index.php\/wp-json\/wp\/v2\/types\/page"}],"author":[{"embeddable":true,"href":"https:\/\/lfrinformatique.fr\/index.php\/wp-json\/wp\/v2\/users\/1"}],"replies":[{"embeddable":true,"href":"https:\/\/lfrinformatique.fr\/index.php\/wp-json\/wp\/v2\/comments?post=8"}],"version-history":[{"count":42,"href":"https:\/\/lfrinformatique.fr\/index.php\/wp-json\/wp\/v2\/pages\/8\/revisions"}],"predecessor-version":[{"id":154,"href":"https:\/\/lfrinformatique.fr\/index.php\/wp-json\/wp\/v2\/pages\/8\/revisions\/154"}],"wp:attachment":[{"href":"https:\/\/lfrinformatique.fr\/index.php\/wp-json\/wp\/v2\/media?parent=8"}],"curies":[{"name":"wp","href":"https:\/\/api.w.org\/{rel}","templated":true}]}}